{"id":7,"date":"2009-02-01T17:03:48","date_gmt":"2009-02-01T17:03:48","guid":{"rendered":"http:\/\/fdm.engineeringconferences.net\/new\/?page_id=7"},"modified":"2026-01-18T20:40:11","modified_gmt":"2026-01-18T20:40:11","slug":"steering-committee","status":"publish","type":"page","link":"http:\/\/fdm.engineeringconferences.net\/new\/?page_id=7","title":{"rendered":"Steering Committee"},"content":{"rendered":"<h2>Conference Chairperson<\/h2>\n<p><strong>Professor Ferri Aliabadi<\/strong><br \/>\nDepartment of Aeronautics<br \/>\nImperial College, London<br \/>\n<a href=\"mailto:M.h.aliabadi@imperial.ac.uk\">M.h.aliabadi@imperial.ac.uk<\/a><\/p>\n<p><strong>Professor Luis Rodr\u00edguez-Tembleque<\/strong><br \/>\nDpto. Mec\u00e1nica de Medios Continuos y Teor\u00eda de Estructuras<br \/>\nEscuela T\u00e9cnica Superior de Ingenier\u00eda, Universidad de Sevilla<br \/>\n<a href=\"mailto:luisroteso@us.es\">luisroteso@us.es<\/a><\/p>\n<p><strong>Professor Yanhong Chen<\/strong><br \/>\nDept of Astronautical Science &amp; Mechanics<br \/>\nHarbin Institute of Technology, China<br \/>\n<a href=\"mailto:yanhong.chen@hit.edu.cn\">yanhong.chen@hit.edu.cn<\/a><\/p>\n<p><strong>Professor Zahra Sharif Khodaei<\/strong><br \/>\nDepartment of Aeronautics<br \/>\nImperial College, London<br \/>\n<a href=\"mailto:z.sharif-khodaei@imperial.ac.uk\">z.sharif-khodaei@imperial.ac.uk<\/a><\/p>\n","protected":false},"excerpt":{"rendered":"<p>Conference Chairperson Professor Ferri Aliabadi Department of Aeronautics Imperial College, London M.h.aliabadi@imperial.ac.uk Professor Luis Rodr\u00edguez-Tembleque Dpto. Mec\u00e1nica de Medios Continuos y Teor\u00eda de Estructuras Escuela T\u00e9cnica Superior de Ingenier\u00eda, Universidad de Sevilla luisroteso@us.es Professor Yanhong Chen Dept of Astronautical Science &amp; Mechanics Harbin Institute of Technology, China yanhong.chen@hit.edu.cn Professor Zahra Sharif Khodaei Department of Aeronautics [&hellip;]<\/p>\n","protected":false},"author":1,"featured_media":0,"parent":0,"menu_order":2,"comment_status":"closed","ping_status":"closed","template":"","meta":[],"_links":{"self":[{"href":"http:\/\/fdm.engineeringconferences.net\/new\/index.php?rest_route=\/wp\/v2\/pages\/7"}],"collection":[{"href":"http:\/\/fdm.engineeringconferences.net\/new\/index.php?rest_route=\/wp\/v2\/pages"}],"about":[{"href":"http:\/\/fdm.engineeringconferences.net\/new\/index.php?rest_route=\/wp\/v2\/types\/page"}],"author":[{"embeddable":true,"href":"http:\/\/fdm.engineeringconferences.net\/new\/index.php?rest_route=\/wp\/v2\/users\/1"}],"replies":[{"embeddable":true,"href":"http:\/\/fdm.engineeringconferences.net\/new\/index.php?rest_route=%2Fwp%2Fv2%2Fcomments&post=7"}],"version-history":[{"count":53,"href":"http:\/\/fdm.engineeringconferences.net\/new\/index.php?rest_route=\/wp\/v2\/pages\/7\/revisions"}],"predecessor-version":[{"id":470,"href":"http:\/\/fdm.engineeringconferences.net\/new\/index.php?rest_route=\/wp\/v2\/pages\/7\/revisions\/470"}],"wp:attachment":[{"href":"http:\/\/fdm.engineeringconferences.net\/new\/index.php?rest_route=%2Fwp%2Fv2%2Fmedia&parent=7"}],"curies":[{"name":"wp","href":"https:\/\/api.w.org\/{rel}","templated":true}]}}